{"id":20342,"date":"2024-07-28T14:42:00","date_gmt":"2024-07-28T12:42:00","guid":{"rendered":"https:\/\/nys-sport.de\/?page_id=20342"},"modified":"2025-06-04T10:43:58","modified_gmt":"2025-06-04T08:43:58","slug":"gripsocks","status":"publish","type":"page","link":"https:\/\/nys-sport.de\/en\/gripsocks\/","title":{"rendered":"Gripsocks"},"content":{"rendered":"<div data-elementor-type=\"wp-page\" data-elementor-id=\"20342\" class=\"elementor elementor-20342\" data-elementor-post-type=\"page\">\n\t\t\t\t\t\t<section class=\"elementor-section elementor-top-section elementor-element elementor-element-0b4bd8b elementor-section-stretched elementor-section-boxed elementor-section-height-default elementor-section-height-default sc_fly_static\" data-id=\"0b4bd8b\" data-element_type=\"section\" data-e-type=\"section\" data-settings=\"{&quot;stretch_section&quot;:&quot;section-stretched&quot;,&quot;background_background&quot;:&quot;classic&quot;}\">\n\t\t\t\t\t\t<div class=\"elementor-container elementor-column-gap-extended\">\n\t\t\t\t\t<div class=\"elementor-column elementor-col-100 elementor-top-column elementor-element elementor-element-6031d63 sc_content_align_inherit sc_layouts_column_icons_position_left sc_fly_static\" data-id=\"6031d63\" data-element_type=\"column\" data-e-type=\"column\">\n\t\t\t<div class=\"elementor-widget-wrap elementor-element-populated\">\n\t\t\t\t\t\t<div class=\"elementor-element elementor-element-50c5776 sc_height_medium sc_fly_static elementor-widget elementor-widget-spacer\" data-id=\"50c5776\" data-element_type=\"widget\" data-e-type=\"widget\" data-widget_type=\"spacer.default\">\n\t\t\t\t<div class=\"elementor-widget-container\">\n\t\t\t\t\t\t\t<div class=\"elementor-spacer\">\n\t\t\t<div class=\"elementor-spacer-inner\"><\/div>\n\t\t<\/div>\n\t\t\t\t\t\t<\/div>\n\t\t\t\t<\/div>\n\t\t\t\t<div class=\"elementor-element elementor-element-3db6a86 sc_fly_static elementor-widget elementor-widget-trx_sc_title\" data-id=\"3db6a86\" data-element_type=\"widget\" data-e-type=\"widget\" data-widget_type=\"trx_sc_title.default\">\n\t\t\t\t<div class=\"elementor-widget-container\">\n\t\t\t\t\t<div\t\tclass=\"sc_title sc_title_default\" ><span class=\"sc_item_subtitle sc_title_subtitle sc_align_center sc_item_subtitle_above sc_item_title_style_default\">NYS Sport<\/span><h1 class=\"sc_item_title sc_title_title sc_align_center sc_item_title_style_default sc_item_title_tag\"\n\t\t\t><span class=\"sc_item_title_text\">Deine Gripsocks. Dein Design!<\/span><\/h1><\/div>\t\t\t\t<\/div>\n\t\t\t\t<\/div>\n\t\t\t\t<div class=\"elementor-element elementor-element-c06378d sc_height_medium sc_fly_static elementor-widget elementor-widget-spacer\" data-id=\"c06378d\" data-element_type=\"widget\" data-e-type=\"widget\" data-widget_type=\"spacer.default\">\n\t\t\t\t<div class=\"elementor-widget-container\">\n\t\t\t\t\t\t\t<div class=\"elementor-spacer\">\n\t\t\t<div class=\"elementor-spacer-inner\"><\/div>\n\t\t<\/div>\n\t\t\t\t\t\t<\/div>\n\t\t\t\t<\/div>\n\t\t\t\t<div class=\"elementor-element elementor-element-749fff1 sc_fly_static elementor-widget elementor-widget-trx_sc_title\" data-id=\"749fff1\" data-element_type=\"widget\" data-e-type=\"widget\" data-widget_type=\"trx_sc_title.default\">\n\t\t\t\t<div class=\"elementor-widget-container\">\n\t\t\t\t\t<div\t\tclass=\"sc_title sc_title_default\" ><h4 class=\"sc_item_title sc_title_title sc_item_title_style_default sc_item_title_tag\"\n\t\t\t><span class=\"sc_item_title_text\">Unsere individuellen Gripsocks mit Logodruck<\/span><span class=\"sc_item_title_text2\"> - Speziell f\u00fcr Dich.<\/span><\/h4><\/div>\t\t\t\t<\/div>\n\t\t\t\t<\/div>\n\t\t\t\t<div class=\"elementor-element elementor-element-0cd634a sc_fly_static elementor-widget elementor-widget-spacer\" data-id=\"0cd634a\" data-element_type=\"widget\" data-e-type=\"widget\" data-widget_type=\"spacer.default\">\n\t\t\t\t<div class=\"elementor-widget-container\">\n\t\t\t\t\t\t\t<div class=\"elementor-spacer\">\n\t\t\t<div class=\"elementor-spacer-inner\"><\/div>\n\t\t<\/div>\n\t\t\t\t\t\t<\/div>\n\t\t\t\t<\/div>\n\t\t\t\t<div class=\"elementor-element elementor-element-d448301 elementor-grid-3 elementor-grid-tablet-3 elementor-grid-mobile-2 elementor-products-grid elementor-wc-products sc_fly_static elementor-widget elementor-widget-woocommerce-products\" data-id=\"d448301\" data-element_type=\"widget\" data-e-type=\"widget\" data-widget_type=\"woocommerce-products.default\">\n\t\t\t\t<div class=\"elementor-widget-container\">\n\t\t\t\t\t<div class=\"woocommerce columns-3\"><ul class=\"products elementor-grid products_style_default columns-3\">\n<li class=\"fpd-variation-needed product type-product post-22332 status-publish first instock has-post-thumbnail taxable shipping-taxable purchasable product-type-variation woo-variation-gallery-product product_style_default\">\n\t\t\t<div class=\"post_item post_layout_thumbs\"\n\t\t\t\t\t>\n\t\t\t<div class=\"post_featured hover_none\">\n\t\t\t\t\t\t\t\t<a href=\"https:\/\/nys-sport.de\/en\/product\/gripsocks-logo-initialen\/?attribute_pa_groesse=gr_gross&#038;attribute_pa_akzentfarbe=schwarz\">\n\t\t\t\t<img fetchpriority=\"high\" decoding=\"async\" width=\"630\" height=\"630\" src=\"https:\/\/nys-sport.de\/wp-content\/uploads\/2025\/02\/nys_gripsocks_logo-3-630x630.jpeg\" class=\"attachment-woocommerce_thumbnail size-woocommerce_thumbnail\" alt=\"Gripsocks Logo &amp; Initialen&lt;span&gt; - &lt;\/span&gt;42 - 47, Schwarz\" srcset=\"https:\/\/nys-sport.de\/wp-content\/uploads\/2025\/02\/nys_gripsocks_logo-3-630x630.jpeg 630w, https:\/\/nys-sport.de\/wp-content\/uploads\/2025\/02\/nys_gripsocks_logo-3-300x300.jpeg 300w, https:\/\/nys-sport.de\/wp-content\/uploads\/2025\/02\/nys_gripsocks_logo-3-1024x1024.jpeg 1024w, https:\/\/nys-sport.de\/wp-content\/uploads\/2025\/02\/nys_gripsocks_logo-3-150x150.jpeg 150w, https:\/\/nys-sport.de\/wp-content\/uploads\/2025\/02\/nys_gripsocks_logo-3-768x768.jpeg 768w, https:\/\/nys-sport.de\/wp-content\/uploads\/2025\/02\/nys_gripsocks_logo-3-12x12.jpeg 12w, https:\/\/nys-sport.de\/wp-content\/uploads\/2025\/02\/nys_gripsocks_logo-3-370x370.jpeg 370w, https:\/\/nys-sport.de\/wp-content\/uploads\/2025\/02\/nys_gripsocks_logo-3-120x120.jpeg 120w, https:\/\/nys-sport.de\/wp-content\/uploads\/2025\/02\/nys_gripsocks_logo-3-840x840.jpeg 840w, https:\/\/nys-sport.de\/wp-content\/uploads\/2025\/02\/nys_gripsocks_logo-3-410x410.jpeg 410w, https:\/\/nys-sport.de\/wp-content\/uploads\/2025\/02\/nys_gripsocks_logo-3-600x600.jpeg 600w, https:\/\/nys-sport.de\/wp-content\/uploads\/2025\/02\/nys_gripsocks_logo-3-100x100.jpeg 100w, https:\/\/nys-sport.de\/wp-content\/uploads\/2025\/02\/nys_gripsocks_logo-3-50x50.jpeg 50w, https:\/\/nys-sport.de\/wp-content\/uploads\/2025\/02\/nys_gripsocks_logo-3.jpeg 1080w\" sizes=\"(max-width: 630px) 100vw, 630px\" \/>\t\t\t\t<\/a>\n\t\t\t\t\t\t\t<\/div>\n\t\t\t<div class=\"post_data\">\n\t\t\t\t<div class=\"post_data_inner\">\n\t\t\t\t\t<div class=\"post_header entry-header\">\n\t\t\t\t\t<h2 class=\"woocommerce-loop-product__title\">Gripsocks Logo & Initialen - Schwarz<\/h2>\t\t\t<\/div>\n\t\t\n\t<span class=\"price\"><span class=\"woocommerce-Price-amount amount\"><bdi>17,95&nbsp;<span class=\"woocommerce-Price-currencySymbol\">&euro;<\/span><\/bdi><\/span><\/span>\n\t\t\t\t<\/div>\n\t\t\t<\/div>\n\t\t<\/div>\n\t\t<\/li>\n<li class=\"fpd-variation-needed product type-product post-22333 status-publish instock has-post-thumbnail taxable shipping-taxable purchasable product-type-variation woo-variation-gallery-product product_style_default\">\n\t\t\t<div class=\"post_item post_layout_thumbs\"\n\t\t\t\t\t>\n\t\t\t<div class=\"post_featured hover_none\">\n\t\t\t\t\t\t\t\t<a href=\"https:\/\/nys-sport.de\/en\/product\/gripsocks-logo-initialen\/?attribute_pa_groesse=gr_gross&#038;attribute_pa_akzentfarbe=rot\">\n\t\t\t\t<img decoding=\"async\" width=\"630\" height=\"630\" src=\"https:\/\/nys-sport.de\/wp-content\/uploads\/2025\/02\/nys_gripsocks_logo-2-630x630.jpeg\" class=\"attachment-woocommerce_thumbnail size-woocommerce_thumbnail\" alt=\"Gripsocks Logo &amp; Initialen&lt;span&gt; - &lt;\/span&gt;42 - 47, Rot\" srcset=\"https:\/\/nys-sport.de\/wp-content\/uploads\/2025\/02\/nys_gripsocks_logo-2-630x630.jpeg 630w, https:\/\/nys-sport.de\/wp-content\/uploads\/2025\/02\/nys_gripsocks_logo-2-300x300.jpeg 300w, https:\/\/nys-sport.de\/wp-content\/uploads\/2025\/02\/nys_gripsocks_logo-2-1024x1024.jpeg 1024w, https:\/\/nys-sport.de\/wp-content\/uploads\/2025\/02\/nys_gripsocks_logo-2-150x150.jpeg 150w, https:\/\/nys-sport.de\/wp-content\/uploads\/2025\/02\/nys_gripsocks_logo-2-768x768.jpeg 768w, https:\/\/nys-sport.de\/wp-content\/uploads\/2025\/02\/nys_gripsocks_logo-2-12x12.jpeg 12w, https:\/\/nys-sport.de\/wp-content\/uploads\/2025\/02\/nys_gripsocks_logo-2-370x370.jpeg 370w, https:\/\/nys-sport.de\/wp-content\/uploads\/2025\/02\/nys_gripsocks_logo-2-120x120.jpeg 120w, https:\/\/nys-sport.de\/wp-content\/uploads\/2025\/02\/nys_gripsocks_logo-2-840x840.jpeg 840w, https:\/\/nys-sport.de\/wp-content\/uploads\/2025\/02\/nys_gripsocks_logo-2-410x410.jpeg 410w, https:\/\/nys-sport.de\/wp-content\/uploads\/2025\/02\/nys_gripsocks_logo-2-600x600.jpeg 600w, https:\/\/nys-sport.de\/wp-content\/uploads\/2025\/02\/nys_gripsocks_logo-2-100x100.jpeg 100w, https:\/\/nys-sport.de\/wp-content\/uploads\/2025\/02\/nys_gripsocks_logo-2-50x50.jpeg 50w, https:\/\/nys-sport.de\/wp-content\/uploads\/2025\/02\/nys_gripsocks_logo-2.jpeg 1080w\" sizes=\"(max-width: 630px) 100vw, 630px\" \/>\t\t\t\t<\/a>\n\t\t\t\t\t\t\t<\/div>\n\t\t\t<div class=\"post_data\">\n\t\t\t\t<div class=\"post_data_inner\">\n\t\t\t\t\t<div class=\"post_header entry-header\">\n\t\t\t\t\t<h2 class=\"woocommerce-loop-product__title\">Gripsocks Logo & Initialen - Rot<\/h2>\t\t\t<\/div>\n\t\t\n\t<span class=\"price\"><span class=\"woocommerce-Price-amount amount\"><bdi>17,95&nbsp;<span class=\"woocommerce-Price-currencySymbol\">&euro;<\/span><\/bdi><\/span><\/span>\n\t\t\t\t<\/div>\n\t\t\t<\/div>\n\t\t<\/div>\n\t\t<\/li>\n<li class=\"fpd-variation-needed product type-product post-22334 status-publish last instock has-post-thumbnail taxable shipping-taxable purchasable product-type-variation woo-variation-gallery-product product_style_default\">\n\t\t\t<div class=\"post_item post_layout_thumbs\"\n\t\t\t\t\t>\n\t\t\t<div class=\"post_featured hover_none\">\n\t\t\t\t\t\t\t\t<a href=\"https:\/\/nys-sport.de\/en\/product\/gripsocks-logo-initialen\/?attribute_pa_groesse=gr_gross&#038;attribute_pa_akzentfarbe=gruen\">\n\t\t\t\t<img decoding=\"async\" width=\"630\" height=\"630\" src=\"https:\/\/nys-sport.de\/wp-content\/uploads\/2025\/02\/nys_gripsocks_logo-1-630x630.jpeg\" class=\"attachment-woocommerce_thumbnail size-woocommerce_thumbnail\" alt=\"Gripsocks Logo &amp; Initialen&lt;span&gt; - &lt;\/span&gt;42 - 47, Gr\u00fcn\" srcset=\"https:\/\/nys-sport.de\/wp-content\/uploads\/2025\/02\/nys_gripsocks_logo-1-630x630.jpeg 630w, https:\/\/nys-sport.de\/wp-content\/uploads\/2025\/02\/nys_gripsocks_logo-1-300x300.jpeg 300w, https:\/\/nys-sport.de\/wp-content\/uploads\/2025\/02\/nys_gripsocks_logo-1-1024x1024.jpeg 1024w, https:\/\/nys-sport.de\/wp-content\/uploads\/2025\/02\/nys_gripsocks_logo-1-150x150.jpeg 150w, https:\/\/nys-sport.de\/wp-content\/uploads\/2025\/02\/nys_gripsocks_logo-1-768x768.jpeg 768w, https:\/\/nys-sport.de\/wp-content\/uploads\/2025\/02\/nys_gripsocks_logo-1-12x12.jpeg 12w, https:\/\/nys-sport.de\/wp-content\/uploads\/2025\/02\/nys_gripsocks_logo-1-370x370.jpeg 370w, https:\/\/nys-sport.de\/wp-content\/uploads\/2025\/02\/nys_gripsocks_logo-1-120x120.jpeg 120w, https:\/\/nys-sport.de\/wp-content\/uploads\/2025\/02\/nys_gripsocks_logo-1-840x840.jpeg 840w, https:\/\/nys-sport.de\/wp-content\/uploads\/2025\/02\/nys_gripsocks_logo-1-410x410.jpeg 410w, https:\/\/nys-sport.de\/wp-content\/uploads\/2025\/02\/nys_gripsocks_logo-1-600x600.jpeg 600w, https:\/\/nys-sport.de\/wp-content\/uploads\/2025\/02\/nys_gripsocks_logo-1-100x100.jpeg 100w, https:\/\/nys-sport.de\/wp-content\/uploads\/2025\/02\/nys_gripsocks_logo-1-50x50.jpeg 50w, https:\/\/nys-sport.de\/wp-content\/uploads\/2025\/02\/nys_gripsocks_logo-1.jpeg 1080w\" sizes=\"(max-width: 630px) 100vw, 630px\" \/>\t\t\t\t<\/a>\n\t\t\t\t\t\t\t<\/div>\n\t\t\t<div class=\"post_data\">\n\t\t\t\t<div class=\"post_data_inner\">\n\t\t\t\t\t<div class=\"post_header entry-header\">\n\t\t\t\t\t<h2 class=\"woocommerce-loop-product__title\">Gripsocks Logo & Initialen - Gr\u00fcn<\/h2>\t\t\t<\/div>\n\t\t\n\t<span class=\"price\"><span class=\"woocommerce-Price-amount amount\"><bdi>17,95&nbsp;<span class=\"woocommerce-Price-currencySymbol\">&euro;<\/span><\/bdi><\/span><\/span>\n\t\t\t\t<\/div>\n\t\t\t<\/div>\n\t\t<\/div>\n\t\t<\/li>\n<\/ul>\n<\/div>\t\t\t\t<\/div>\n\t\t\t\t<\/div>\n\t\t\t\t<div class=\"elementor-element elementor-element-b82bba9 sc_fly_static elementor-widget elementor-widget-trx_sc_title\" data-id=\"b82bba9\" data-element_type=\"widget\" data-e-type=\"widget\" data-widget_type=\"trx_sc_title.default\">\n\t\t\t\t<div class=\"elementor-widget-container\">\n\t\t\t\t\t<div\t\tclass=\"sc_title sc_title_default\" ><h4 class=\"sc_item_title sc_title_title sc_item_title_style_default sc_item_title_tag\"\n\t\t\t><span class=\"sc_item_title_text\">Unsere Gripsocks Classic<\/span><span class=\"sc_item_title_text2\"> - F\u00fcr den allt\u00e4glichen Gebrauch.<\/span><\/h4><\/div>\t\t\t\t<\/div>\n\t\t\t\t<\/div>\n\t\t\t\t<div class=\"elementor-element elementor-element-6996b48 sc_fly_static elementor-widget elementor-widget-spacer\" data-id=\"6996b48\" data-element_type=\"widget\" data-e-type=\"widget\" data-widget_type=\"spacer.default\">\n\t\t\t\t<div class=\"elementor-widget-container\">\n\t\t\t\t\t\t\t<div class=\"elementor-spacer\">\n\t\t\t<div class=\"elementor-spacer-inner\"><\/div>\n\t\t<\/div>\n\t\t\t\t\t\t<\/div>\n\t\t\t\t<\/div>\n\t\t\t\t\t<\/div>\n\t\t<\/div>\n\t\t\t\t\t<\/div>\n\t\t<\/section>\n\t\t\t\t<section class=\"elementor-section elementor-top-section elementor-element elementor-element-1ab23a4 elementor-section-stretched scheme_light elementor-section-boxed elementor-section-height-default elementor-section-height-default sc_fly_static\" data-id=\"1ab23a4\" data-element_type=\"section\" data-e-type=\"section\" data-settings=\"{&quot;stretch_section&quot;:&quot;section-stretched&quot;,&quot;background_background&quot;:&quot;classic&quot;}\">\n\t\t\t\t\t\t<div class=\"elementor-container elementor-column-gap-extended\">\n\t\t\t\t\t<div class=\"elementor-column elementor-col-100 elementor-top-column elementor-element elementor-element-6075849 sc_content_align_inherit sc_layouts_column_icons_position_left sc_fly_static\" data-id=\"6075849\" data-element_type=\"column\" data-e-type=\"column\">\n\t\t\t<div class=\"elementor-widget-wrap elementor-element-populated\">\n\t\t\t\t\t\t<div class=\"elementor-element elementor-element-b27bfda elementor-grid-3 elementor-grid-tablet-3 elementor-grid-mobile-2 elementor-products-grid elementor-wc-products sc_fly_static elementor-widget elementor-widget-woocommerce-products\" data-id=\"b27bfda\" data-element_type=\"widget\" data-e-type=\"widget\" data-widget_type=\"woocommerce-products.default\">\n\t\t\t\t<div class=\"elementor-widget-container\">\n\t\t\t\t\t<div class=\"woocommerce columns-3\"><ul class=\"products elementor-grid products_style_default columns-3\">\n<li class=\"fpd-variation-needed product type-product post-20166 status-publish first instock has-post-thumbnail taxable shipping-taxable purchasable product-type-variation woo-variation-gallery-product product_style_default\">\n\t\t\t<div class=\"post_item post_layout_thumbs\"\n\t\t\t\t\t>\n\t\t\t<div class=\"post_featured hover_none\">\n\t\t\t\t\t\t\t\t<a href=\"https:\/\/nys-sport.de\/en\/product\/gripsocks-classic\/?attribute_pa_groesse=gr_gross&#038;attribute_pa_akzentfarbe=schwarz\">\n\t\t\t\t<img loading=\"lazy\" decoding=\"async\" width=\"630\" height=\"630\" src=\"https:\/\/nys-sport.de\/wp-content\/uploads\/2024\/07\/nys-gripsocks-black-classic-630x630.jpg\" class=\"attachment-woocommerce_thumbnail size-woocommerce_thumbnail\" alt=\"Gripsocks Classic&lt;span&gt; - &lt;\/span&gt;42 - 47, Schwarz\" srcset=\"https:\/\/nys-sport.de\/wp-content\/uploads\/2024\/07\/nys-gripsocks-black-classic-630x630.jpg 630w, https:\/\/nys-sport.de\/wp-content\/uploads\/2024\/07\/nys-gripsocks-black-classic-300x300.jpg 300w, https:\/\/nys-sport.de\/wp-content\/uploads\/2024\/07\/nys-gripsocks-black-classic-1024x1024.jpg 1024w, https:\/\/nys-sport.de\/wp-content\/uploads\/2024\/07\/nys-gripsocks-black-classic-150x150.jpg 150w, https:\/\/nys-sport.de\/wp-content\/uploads\/2024\/07\/nys-gripsocks-black-classic-768x768.jpg 768w, https:\/\/nys-sport.de\/wp-content\/uploads\/2024\/07\/nys-gripsocks-black-classic-12x12.jpg 12w, https:\/\/nys-sport.de\/wp-content\/uploads\/2024\/07\/nys-gripsocks-black-classic-370x370.jpg 370w, https:\/\/nys-sport.de\/wp-content\/uploads\/2024\/07\/nys-gripsocks-black-classic-120x120.jpg 120w, https:\/\/nys-sport.de\/wp-content\/uploads\/2024\/07\/nys-gripsocks-black-classic-840x840.jpg 840w, https:\/\/nys-sport.de\/wp-content\/uploads\/2024\/07\/nys-gripsocks-black-classic-410x410.jpg 410w, https:\/\/nys-sport.de\/wp-content\/uploads\/2024\/07\/nys-gripsocks-black-classic-600x600.jpg 600w, https:\/\/nys-sport.de\/wp-content\/uploads\/2024\/07\/nys-gripsocks-black-classic-100x100.jpg 100w, https:\/\/nys-sport.de\/wp-content\/uploads\/2024\/07\/nys-gripsocks-black-classic-50x50.jpg 50w, https:\/\/nys-sport.de\/wp-content\/uploads\/2024\/07\/nys-gripsocks-black-classic.jpg 1080w\" sizes=\"(max-width: 630px) 100vw, 630px\" \/>\t\t\t\t<\/a>\n\t\t\t\t\t\t\t<\/div>\n\t\t\t<div class=\"post_data\">\n\t\t\t\t<div class=\"post_data_inner\">\n\t\t\t\t\t<div class=\"post_header entry-header\">\n\t\t\t\t\t<h2 class=\"woocommerce-loop-product__title\">Gripsocks Classic - Schwarz<\/h2>\t\t\t<\/div>\n\t\t\n\t<span class=\"price\"><span class=\"woocommerce-Price-amount amount\"><bdi>12,95&nbsp;<span class=\"woocommerce-Price-currencySymbol\">&euro;<\/span><\/bdi><\/span><\/span>\n\t\t\t\t<\/div>\n\t\t\t<\/div>\n\t\t<\/div>\n\t\t<\/li>\n<li class=\"fpd-variation-needed product type-product post-20167 status-publish instock has-post-thumbnail taxable shipping-taxable purchasable product-type-variation woo-variation-gallery-product product_style_default\">\n\t\t\t<div class=\"post_item post_layout_thumbs\"\n\t\t\t\t\t>\n\t\t\t<div class=\"post_featured hover_none\">\n\t\t\t\t\t\t\t\t<a href=\"https:\/\/nys-sport.de\/en\/product\/gripsocks-classic\/?attribute_pa_groesse=gr_gross&#038;attribute_pa_akzentfarbe=rot\">\n\t\t\t\t<img loading=\"lazy\" decoding=\"async\" width=\"630\" height=\"630\" src=\"https:\/\/nys-sport.de\/wp-content\/uploads\/2024\/07\/nys-gripsocks-red-classic-630x630.jpg\" class=\"attachment-woocommerce_thumbnail size-woocommerce_thumbnail\" alt=\"Gripsocks Classic&lt;span&gt; - &lt;\/span&gt;42 - 47, Rot\" srcset=\"https:\/\/nys-sport.de\/wp-content\/uploads\/2024\/07\/nys-gripsocks-red-classic-630x630.jpg 630w, https:\/\/nys-sport.de\/wp-content\/uploads\/2024\/07\/nys-gripsocks-red-classic-300x300.jpg 300w, https:\/\/nys-sport.de\/wp-content\/uploads\/2024\/07\/nys-gripsocks-red-classic-1024x1024.jpg 1024w, https:\/\/nys-sport.de\/wp-content\/uploads\/2024\/07\/nys-gripsocks-red-classic-150x150.jpg 150w, https:\/\/nys-sport.de\/wp-content\/uploads\/2024\/07\/nys-gripsocks-red-classic-768x768.jpg 768w, https:\/\/nys-sport.de\/wp-content\/uploads\/2024\/07\/nys-gripsocks-red-classic-12x12.jpg 12w, https:\/\/nys-sport.de\/wp-content\/uploads\/2024\/07\/nys-gripsocks-red-classic-370x370.jpg 370w, https:\/\/nys-sport.de\/wp-content\/uploads\/2024\/07\/nys-gripsocks-red-classic-120x120.jpg 120w, https:\/\/nys-sport.de\/wp-content\/uploads\/2024\/07\/nys-gripsocks-red-classic-840x840.jpg 840w, https:\/\/nys-sport.de\/wp-content\/uploads\/2024\/07\/nys-gripsocks-red-classic-410x410.jpg 410w, https:\/\/nys-sport.de\/wp-content\/uploads\/2024\/07\/nys-gripsocks-red-classic-600x600.jpg 600w, https:\/\/nys-sport.de\/wp-content\/uploads\/2024\/07\/nys-gripsocks-red-classic-100x100.jpg 100w, https:\/\/nys-sport.de\/wp-content\/uploads\/2024\/07\/nys-gripsocks-red-classic-50x50.jpg 50w, https:\/\/nys-sport.de\/wp-content\/uploads\/2024\/07\/nys-gripsocks-red-classic.jpg 1080w\" sizes=\"(max-width: 630px) 100vw, 630px\" \/>\t\t\t\t<\/a>\n\t\t\t\t\t\t\t<\/div>\n\t\t\t<div class=\"post_data\">\n\t\t\t\t<div class=\"post_data_inner\">\n\t\t\t\t\t<div class=\"post_header entry-header\">\n\t\t\t\t\t<h2 class=\"woocommerce-loop-product__title\">Gripsocks Classic - Rot<\/h2>\t\t\t<\/div>\n\t\t\n\t<span class=\"price\"><span class=\"woocommerce-Price-amount amount\"><bdi>12,95&nbsp;<span class=\"woocommerce-Price-currencySymbol\">&euro;<\/span><\/bdi><\/span><\/span>\n\t\t\t\t<\/div>\n\t\t\t<\/div>\n\t\t<\/div>\n\t\t<\/li>\n<li class=\"fpd-variation-needed product type-product post-20168 status-publish last instock has-post-thumbnail taxable shipping-taxable purchasable product-type-variation woo-variation-gallery-product product_style_default\">\n\t\t\t<div class=\"post_item post_layout_thumbs\"\n\t\t\t\t\t>\n\t\t\t<div class=\"post_featured hover_none\">\n\t\t\t\t\t\t\t\t<a href=\"https:\/\/nys-sport.de\/en\/product\/gripsocks-classic\/?attribute_pa_groesse=gr_gross&#038;attribute_pa_akzentfarbe=gruen\">\n\t\t\t\t<img loading=\"lazy\" decoding=\"async\" width=\"630\" height=\"630\" src=\"https:\/\/nys-sport.de\/wp-content\/uploads\/2024\/07\/nys-gripsocks-green-classic-630x630.jpg\" class=\"attachment-woocommerce_thumbnail size-woocommerce_thumbnail\" alt=\"Gripsocks Classic&lt;span&gt; - &lt;\/span&gt;42 - 47, Gr\u00fcn\" srcset=\"https:\/\/nys-sport.de\/wp-content\/uploads\/2024\/07\/nys-gripsocks-green-classic-630x630.jpg 630w, https:\/\/nys-sport.de\/wp-content\/uploads\/2024\/07\/nys-gripsocks-green-classic-300x300.jpg 300w, https:\/\/nys-sport.de\/wp-content\/uploads\/2024\/07\/nys-gripsocks-green-classic-1024x1024.jpg 1024w, https:\/\/nys-sport.de\/wp-content\/uploads\/2024\/07\/nys-gripsocks-green-classic-150x150.jpg 150w, https:\/\/nys-sport.de\/wp-content\/uploads\/2024\/07\/nys-gripsocks-green-classic-768x768.jpg 768w, https:\/\/nys-sport.de\/wp-content\/uploads\/2024\/07\/nys-gripsocks-green-classic-12x12.jpg 12w, https:\/\/nys-sport.de\/wp-content\/uploads\/2024\/07\/nys-gripsocks-green-classic-370x370.jpg 370w, https:\/\/nys-sport.de\/wp-content\/uploads\/2024\/07\/nys-gripsocks-green-classic-120x120.jpg 120w, https:\/\/nys-sport.de\/wp-content\/uploads\/2024\/07\/nys-gripsocks-green-classic-840x840.jpg 840w, https:\/\/nys-sport.de\/wp-content\/uploads\/2024\/07\/nys-gripsocks-green-classic-410x410.jpg 410w, https:\/\/nys-sport.de\/wp-content\/uploads\/2024\/07\/nys-gripsocks-green-classic-600x600.jpg 600w, https:\/\/nys-sport.de\/wp-content\/uploads\/2024\/07\/nys-gripsocks-green-classic-100x100.jpg 100w, https:\/\/nys-sport.de\/wp-content\/uploads\/2024\/07\/nys-gripsocks-green-classic-50x50.jpg 50w, https:\/\/nys-sport.de\/wp-content\/uploads\/2024\/07\/nys-gripsocks-green-classic.jpg 1080w\" sizes=\"(max-width: 630px) 100vw, 630px\" \/>\t\t\t\t<\/a>\n\t\t\t\t\t\t\t<\/div>\n\t\t\t<div class=\"post_data\">\n\t\t\t\t<div class=\"post_data_inner\">\n\t\t\t\t\t<div class=\"post_header entry-header\">\n\t\t\t\t\t<h2 class=\"woocommerce-loop-product__title\">Gripsocks Classic - Gr\u00fcn<\/h2>\t\t\t<\/div>\n\t\t\n\t<span class=\"price\"><span class=\"woocommerce-Price-amount amount\"><bdi>12,95&nbsp;<span class=\"woocommerce-Price-currencySymbol\">&euro;<\/span><\/bdi><\/span><\/span>\n\t\t\t\t<\/div>\n\t\t\t<\/div>\n\t\t<\/div>\n\t\t<\/li>\n<\/ul>\n<\/div>\t\t\t\t<\/div>\n\t\t\t\t<\/div>\n\t\t\t\t\t<\/div>\n\t\t<\/div>\n\t\t\t\t\t<\/div>\n\t\t<\/section>\n\t\t\t\t<\/div>","protected":false},"excerpt":{"rendered":"<p>NYS Sport Deine Gripsocks. Dein Design! Unsere individuellen Gripsocks mit Logodruck &#8211; Speziell f\u00fcr Dich. Unsere Gripsocks Classic &#8211; F\u00fcr den allt\u00e4glichen Gebrauch.<\/p>","protected":false},"author":1,"featured_media":0,"parent":0,"menu_order":0,"comment_status":"closed","ping_status":"closed","template":"","meta":{"footnotes":""},"class_list":["post-20342","page","type-page","status-publish","hentry","fpd-variation-needed"],"jetpack_sharing_enabled":true,"_links":{"self":[{"href":"https:\/\/nys-sport.de\/en\/wp-json\/wp\/v2\/pages\/20342","targetHints":{"allow":["GET"]}}],"collection":[{"href":"https:\/\/nys-sport.de\/en\/wp-json\/wp\/v2\/pages"}],"about":[{"href":"https:\/\/nys-sport.de\/en\/wp-json\/wp\/v2\/types\/page"}],"author":[{"embeddable":true,"href":"https:\/\/nys-sport.de\/en\/wp-json\/wp\/v2\/users\/1"}],"replies":[{"embeddable":true,"href":"https:\/\/nys-sport.de\/en\/wp-json\/wp\/v2\/comments?post=20342"}],"version-history":[{"count":10,"href":"https:\/\/nys-sport.de\/en\/wp-json\/wp\/v2\/pages\/20342\/revisions"}],"predecessor-version":[{"id":22536,"href":"https:\/\/nys-sport.de\/en\/wp-json\/wp\/v2\/pages\/20342\/revisions\/22536"}],"wp:attachment":[{"href":"https:\/\/nys-sport.de\/en\/wp-json\/wp\/v2\/media?parent=20342"}],"curies":[{"name":"wp","href":"https:\/\/api.w.org\/{rel}","templated":true}]}}