{"id":20423,"date":"2024-08-06T16:20:18","date_gmt":"2024-08-06T14:20:18","guid":{"rendered":"https:\/\/nys-sport.de\/?page_id=20423"},"modified":"2025-01-14T11:36:21","modified_gmt":"2025-01-14T10:36:21","slug":"agb","status":"publish","type":"page","link":"https:\/\/nys-sport.de\/en\/agb\/","title":{"rendered":"AGB"},"content":{"rendered":"<div data-elementor-type=\"wp-page\" data-elementor-id=\"20423\" class=\"elementor elementor-20423\" data-elementor-post-type=\"page\">\n\t\t\t\t\t\t<section class=\"elementor-section elementor-top-section elementor-element elementor-element-a1e0320 elementor-section-boxed elementor-section-height-default elementor-section-height-default sc_fly_static\" data-id=\"a1e0320\" data-element_type=\"section\" data-e-type=\"section\">\n\t\t\t\t\t\t<div class=\"elementor-container elementor-column-gap-extended\">\n\t\t\t\t\t<div class=\"elementor-column elementor-col-100 elementor-top-column elementor-element elementor-element-13eb17c sc_content_align_inherit sc_layouts_column_icons_position_left sc_fly_static\" data-id=\"13eb17c\" data-element_type=\"column\" data-e-type=\"column\">\n\t\t\t<div class=\"elementor-widget-wrap elementor-element-populated\">\n\t\t\t\t\t\t<div class=\"elementor-element elementor-element-5611d1a sc_height_medium sc_fly_static elementor-widget elementor-widget-spacer\" data-id=\"5611d1a\" data-element_type=\"widget\" data-e-type=\"widget\" data-widget_type=\"spacer.default\">\n\t\t\t\t<div class=\"elementor-widget-container\">\n\t\t\t\t\t\t\t<div class=\"elementor-spacer\">\n\t\t\t<div class=\"elementor-spacer-inner\"><\/div>\n\t\t<\/div>\n\t\t\t\t\t\t<\/div>\n\t\t\t\t<\/div>\n\t\t\t\t<div class=\"elementor-element elementor-element-048309b sc_fly_static elementor-widget elementor-widget-trx_sc_title\" data-id=\"048309b\" data-element_type=\"widget\" data-e-type=\"widget\" data-widget_type=\"trx_sc_title.default\">\n\t\t\t\t<div class=\"elementor-widget-container\">\n\t\t\t\t\t<div\t\tclass=\"sc_title sc_title_default\" ><span class=\"sc_item_subtitle sc_title_subtitle sc_align_center sc_item_subtitle_above sc_item_title_style_default\">NYS Sport<\/span><h1 class=\"sc_item_title sc_title_title sc_align_center sc_item_title_style_default sc_item_title_tag\"\n\t\t\t><span class=\"sc_item_title_text\">AGB.<\/span><\/h1><\/div>\t\t\t\t<\/div>\n\t\t\t\t<\/div>\n\t\t\t\t<div class=\"elementor-element elementor-element-852fc53 sc_height_medium sc_fly_static elementor-widget elementor-widget-spacer\" data-id=\"852fc53\" data-element_type=\"widget\" data-e-type=\"widget\" data-widget_type=\"spacer.default\">\n\t\t\t\t<div class=\"elementor-widget-container\">\n\t\t\t\t\t\t\t<div class=\"elementor-spacer\">\n\t\t\t<div class=\"elementor-spacer-inner\"><\/div>\n\t\t<\/div>\n\t\t\t\t\t\t<\/div>\n\t\t\t\t<\/div>\n\t\t\t\t\t<\/div>\n\t\t<\/div>\n\t\t\t\t\t<\/div>\n\t\t<\/section>\n\t\t\t\t<section class=\"elementor-section elementor-top-section elementor-element elementor-element-306c9a5 elementor-section-boxed elementor-section-height-default elementor-section-height-default sc_fly_static\" data-id=\"306c9a5\" data-element_type=\"section\" data-e-type=\"section\">\n\t\t\t\t\t\t<div class=\"elementor-container elementor-column-gap-extended\">\n\t\t\t\t\t<div class=\"elementor-column elementor-col-100 elementor-top-column elementor-element elementor-element-f89bac8 sc_content_align_inherit sc_layouts_column_icons_position_left sc_fly_static\" data-id=\"f89bac8\" data-element_type=\"column\" data-e-type=\"column\">\n\t\t\t<div class=\"elementor-widget-wrap elementor-element-populated\">\n\t\t\t\t\t\t<div class=\"elementor-element elementor-element-9a8ea1f sc_fly_static elementor-widget elementor-widget-text-editor\" data-id=\"9a8ea1f\" data-element_type=\"widget\" data-e-type=\"widget\" data-widget_type=\"text-editor.default\">\n\t\t\t\t<div class=\"elementor-widget-container\">\n\t\t\t\t\t\t\t\t\t<p><strong>Allgemeine Gesch\u00e4ftsbedingungen der Firma NYS Sport \u2013 Mikowsky &amp; Kriwet GbR<\/strong><\/p><p><strong>Geltung gegen\u00fcber Unternehmern und Begriffsdefinitionen<\/strong><br \/>Diese Allgemeinen Gesch\u00e4ftsbedingungen (nachfolgend \u201eAGB\u201c) der Mikowsky &amp; Kriwet GbR \u2013 NYS Sport (nachfolgend \u201eVerk\u00e4ufer\u201c), gelten f\u00fcr alle Vertr\u00e4ge \u00fcber die Lieferung von Waren, die ein Verbraucher oder Unternehmer (nachfolgend \u201eKunde\u201c) mit dem Verk\u00e4ufer hinsichtlich der vom Verk\u00e4ufer in seinem Online-Shop dargestellten Waren abschlie\u00dft, in ihrer zum Zeitpunkt der Bestellung g\u00fcltigen Fassung. Hiermit wird der Einbeziehung von eigenen Bedingungen des Kunden widersprochen, es sei denn, es ist etwas anderes vereinbart.<br \/>Verbraucher im Sinne dieser AGB ist jede nat\u00fcrliche Person, die ein Rechtsgesch\u00e4ft zu Zwecken abschlie\u00dft, die \u00fcberwiegend weder ihrer gewerblichen noch ihrer selbst\u00e4ndigen beruflichen T\u00e4tigkeit zugerechnet werden k\u00f6nnen (\u00a7 13 BGB). Unternehmer im Sinne dieser AGB ist eine nat\u00fcrliche oder juristische Person oder eine rechtsf\u00e4hige Personengesellschaft, die bei Abschluss eines Rechtsgesch\u00e4fts in Aus\u00fcbung ihrer gewerblichen oder selbst\u00e4ndigen beruflichen T\u00e4tigkeit handelt.<\/p><p><strong>Zustandekommen eines Vertrages, Speicherung des Vertragstextes<\/strong><br \/>Die folgenden Regelungen \u00fcber den Vertragsabschluss gelten f\u00fcr Bestellungen \u00fcber unseren Online-Shop https:\/\/nys-sport.de\/shop.<br \/>Im Falle des Vertragsschlusses kommt der Vertrag zustande mit Mikowsky &amp; Kriwet GbR.<br \/>Die im Online-Shop des Verk\u00e4ufers enthaltenen Produktbeschreibungen stellen keine verbindlichen Angebote seitens des Verk\u00e4ufers dar, sondern sind lediglich eine Aufforderung zur Abgabe eines verbindlichen Angebots durch den Kunden.<br \/>Der Kunde kann das Angebot \u00fcber das in den Online-Shop des Verk\u00e4ufers integrierte Online-Bestellformular abgeben. Dabei gibt der Kunde, nachdem er die ausgew\u00e4hlten Waren in den virtuellen Warenkorb gelegt und den elektronischen Bestellprozess durchlaufen hat, durch Klicken des den Bestellvorgang abschlie\u00dfenden Buttons \u201eZahlungspflichtig bestellen\u201c ein rechtlich verbindliches Vertragsangebot in Bezug auf die im Warenkorb enthaltenen Waren ab. Der Verk\u00e4ufer erkl\u00e4rt bereits jetzt die Annahme eines auf diese Weise abgegebenen Angebotes, sodass mit Absendung der Bestellung unmittelbar ein Kaufvertrag zustande kommt.<br \/>Bei der Abgabe eines Angebots \u00fcber das Online-Bestellformular des Verk\u00e4ufers wird der Vertragstext nach dem Vertragsschluss vom Verk\u00e4ufer gespeichert und dem Kunden nach Absendung von dessen Bestellung in Textform (z. B. E-Mail, Brief) \u00fcbermittelt. Eine dar\u00fcberhinausgehende Zug\u00e4nglichmachung des Vertragstextes durch den Verk\u00e4ufer erfolgt nicht. Vor verbindlicher Abgabe der Bestellung \u00fcber das Online-Bestellformular des Verk\u00e4ufers kann der Kunde m\u00f6gliche Eingabefehler durch aufmerksames Lesen der auf dem Bildschirm dargestellten Informationen erkennen. Seine Eingaben kann der Kunde im Rahmen des elektronischen Bestellprozesses so lange korrigieren, bis er den Bestellvorgang abschlie\u00dfenden Button \u201eZahlungspflichtig bestellen\u201c anklickt. Dabei kann der Kunde \u00fcber die entsprechend bezeichneten Schaltfl\u00e4chen auch zwischen den einzelnen Bestellschritten hin und her wechseln.<br \/>Als Vertragssprache und f\u00fcr den Vertragsschluss steht ausschlie\u00dflich die deutsche Sprache zur Verf\u00fcgung.<br \/>Die Bestellabwicklung und Kontaktaufnahme finden in der Regel per E-Mail und automatisierter Bestellabwicklung statt. Der Kunde hat sicherzustellen, dass die von ihm zur Bestellabwicklung angegebene E-Mail-Adresse zutreffend ist, sodass unter dieser Adresse die vom Verk\u00e4ufer versandten E-Mails empfangen werden k\u00f6nnen. Insbesondere hat der Kunde bei dem Einsatz von SPAM-Filtern sicherzustellen, dass alle vom Verk\u00e4ufer oder von diesem mit der Bestellabwicklung beauftragten Dritten versandten E-Mails zugestellt werden k\u00f6nnen.<br \/>Die Wirksamkeit von Vertr\u00e4gen \u00fcber gr\u00f6\u00dfere als haushalts\u00fcbliche Mengen bedarf der ausdr\u00fccklichen Best\u00e4tigung seitens des Verk\u00e4ufers. Dies bezieht sich sowohl auf die Anzahl der bestellten Waren im Rahmen einer Bestellung als auch auf die Aufgabe mehrerer Bestellungen derselben Ware, bei denen die einzelnen Bestellungen eine haushalts\u00fcbliche Menge umfassen.<br \/>Wir senden dir die Bestelldaten und unsere AGB per E-Mail zu. Die AGB kannst du jederzeit auch unter AGB \u2013 NYS Sport (nys-sport.de) einsehen. Deine Bestelldaten sind aus Sicherheitsgr\u00fcnden nicht mehr \u00fcber das Internet zug\u00e4nglich.<\/p><p><strong>Preise, Versandkosten, Zahlung, F\u00e4lligkeit<\/strong><br \/>Die angegebenen Preise enthalten die gesetzliche Umsatzsteuer und sonstige Preisbestandteile. Hinzu kommen etwaige Versandkosten.<br \/>Bei Lieferungen in L\u00e4nder au\u00dferhalb der Europ\u00e4ischen Union k\u00f6nnen im Einzelfall weitere Kosten anfallen, die der Verk\u00e4ufer nicht zu vertreten hat und die vom Kunden zu tragen sind. Hierzu z\u00e4hlen beispielsweise Kosten f\u00fcr die Geld\u00fcbermittlung durch Kreditinstitute (z. B. \u00dcberweisungsgeb\u00fchren, Wechselkursgeb\u00fchren) oder einfuhrrechtliche Abgaben bzw. Steuern (z. B. Z\u00f6lle). Solche Kosten k\u00f6nnen in Bezug auf die Geld\u00fcbermittlung auch dann anfallen, wenn die Lieferung nicht in ein Land au\u00dferhalb der Europ\u00e4ischen Union erfolgt, der Kunde die Zahlung aber von einem Land au\u00dferhalb der Europ\u00e4ischen Union aus vornimmt.<br \/>Die zur Verf\u00fcgung stehenden Zahlungsm\u00f6glichkeiten werden dem Kunden im Online-Shop des Verk\u00e4ufers mitgeteilt. Der Kunde hat die M\u00f6glichkeit der Zahlung per Vorauskasse, Bankeinzug, PayPal, Kreditkarte (Visa, Mastercard).<br \/>Ist Vorauskasse per Bank\u00fcberweisung vereinbart, ist die Zahlung sofort nach Vertragsabschluss f\u00e4llig, sofern die Parteien keinen sp\u00e4teren F\u00e4lligkeitstermin vereinbart haben.<br \/>Bei Zahlung mittels einer von PayPal angebotenen Zahlungsart erfolgt die Zahlungsabwicklung \u00fcber den Zahlungsdienstleister PayPal (Europe) S.\u00e0 r.l. et Cie, S.C.A., 22-24 Boulevard Royal, L-2449 Luxembourg (im Folgenden: \u201ePayPal\u201c), unter Geltung der PayPal-Nutzungsbedingungen, einsehbar unter https:\/\/www.paypal.com\/de\/webapps\/mpp\/ua\/useragreement-full oder \u2013 falls der Kunde nicht \u00fcber ein PayPal-Konto verf\u00fcgt \u2013 unter Geltung der Bedingungen f\u00fcr Zahlungen ohne PayPal-Konto, einsehbar unter https:\/\/www.paypal.com\/de\/webapps\/mpp\/ua\/privacywax-full.<br \/>Bei Auswahl der Zahlungsart SOFORT-\u00dcberweisung, Kreditkarte, Bank\u00fcberweisung, oder Apple Pay erfolgt die Zahlungsabwicklung \u00fcber den Zahlungsdienstleister Stripe Payments Europe, Limited (SPEL), 1 Grand Canal Street Lower, Grand Canal Dock, Dublin, D02 H210 Irland.<\/p><p><strong>Liefer- und Versandbedingungen<\/strong><br \/>Sofern wir dies in der Produktbeschreibung nicht deutlich anders angegeben haben, sind alle von uns angebotenen Artikel sofort versandfertig. Dabei beginnt die Frist f\u00fcr die Lieferung im Falle der Zahlung per Vorkasse am Tag nach Zahlungsauftrag an die mit der \u00dcberweisung beauftragte Bank und bei allen anderen Zahlungsarten am Tag nach Vertragsschluss zu laufen. F\u00e4llt das Fristende auf einen Samstag, Sonntag oder gesetzlichen Feiertag am Lieferort, so endet die Frist am n\u00e4chsten Werktag.<br \/>Die Lieferung von Waren erfolgt auf dem Versandweg an die vom Kunden angegebene Lieferanschrift, sofern nichts anderes vereinbart ist. Bei der Abwicklung der Transaktion ist die in der Bestellabwicklung des Verk\u00e4ufers angegebene Lieferanschrift ma\u00dfgeblich. Soweit in der jeweiligen Produktbeschreibung oder im Bestellvorgang keine andere Frist angegeben ist, erfolgt die Lieferung der Ware im Inland (Deutschland) innerhalb von 3-5 Werktagen nach Vertragsschluss. Die Lieferung in andere L\u00e4nder kann zus\u00e4tzliche 6-10 Werktage nach Vertragsschluss und get\u00e4tigter Zahlung in Anspruch nehmen. Hast du Artikel mit unterschiedlichen Lieferzeiten bestellt, versenden wir die Ware in einer gemeinsamen Sendung, sofern wir keine abweichenden Vereinbarungen mit dir getroffen haben. Die Lieferzeit bestimmt sich in diesem Fall nach dem Artikel mit der l\u00e4ngsten Lieferzeit, den du bestellt hast.<br \/>Sendet das Transportunternehmen die versandte Ware an den Verk\u00e4ufer zur\u00fcck, da eine Zustellung beim Kunden nicht m\u00f6glich war, tr\u00e4gt der Kunde die Kosten f\u00fcr den erfolglosen Versand. Dies gilt nicht, wenn der Kunde den Umstand, der zur Unm\u00f6glichkeit der Zustellung gef\u00fchrt hat, nicht zu vertreten hat oder wenn er vor\u00fcbergehend an der Annahme der angebotenen Leistung verhindert war, es sei denn, dass der Verk\u00e4ufer ihm die Leistung eine angemessene Zeit vorher angek\u00fcndigt hatte. Ferner gilt dies im Hinblick auf die Kosten f\u00fcr die Hinsendung nicht, wenn der Kunde sein Widerrufsrecht wirksam aus\u00fcbt. F\u00fcr die R\u00fccksendekosten gilt bei wirksamer Aus\u00fcbung des Widerrufsrechts durch den Kunden die in der Widerrufsbelehrung des Verk\u00e4ufers hierzu getroffene Regelung.<br \/>Die Gefahr des zuf\u00e4lligen Untergangs und der zuf\u00e4lligen Verschlechterung der verkauften Sache geht auch beim Versendungskauf erst mit der \u00dcbergabe der Sache an den K\u00e4ufer auf diesen \u00fcber.<br \/>Selbstabholung ist aus logistischen Gr\u00fcnden nicht m\u00f6glich.<\/p><p><strong>Eigentumsvorbehalt<\/strong><br \/>Tritt der Verk\u00e4ufer in Vorleistung, beh\u00e4lt er sich bis zur vollst\u00e4ndigen Bezahlung des geschuldeten Kaufpreises das Eigentum an der gelieferten Ware vor.<\/p><p><strong>M\u00e4ngelhaftung (Gew\u00e4hrleistung)<\/strong><br \/>Es gelten die gesetzlichen Gew\u00e4hrleistungsregelungen.<br \/>Ist die Kaufsache mangelhaft, gelten die Vorschriften der gesetzlichen M\u00e4ngelhaftung.<br \/>Der Kunde wird gebeten, angelieferte Waren mit offensichtlichen Transportsch\u00e4den bei dem Zusteller zu reklamieren und den Verk\u00e4ufer hiervon in Kenntnis zu setzen. Kommt der Kunde dem nicht nach, hat dies keinerlei Auswirkungen auf seine gesetzlichen oder vertraglichen M\u00e4ngelanspr\u00fcche.<\/p><p><strong>Anwendbares Recht<\/strong><br \/>F\u00fcr alle Rechtsbeziehungen zwischen dem Verk\u00e4ufer und dem Kunden gilt das Recht der Bundesrepublik Deutschland unter Ausschluss des UN-Kaufrechts (CISG).<\/p><p><strong>Widerrufsrecht und Umtausch<\/strong><br \/>Personalisierte Waren: Ein Widerrufsrecht oder Umtausch ist bei personalisierten Waren ausgeschlossen, da diese nach Kundenspezifikation angefertigt werden und daher f\u00fcr eine R\u00fcckgabe nicht geeignet sind.<br \/>Andere Produkte: F\u00fcr nicht personalisierte Waren gilt ein Umtauschrecht innerhalb von 14 Tagen nach Erhalt der Ware. Der Kunde hat die M\u00f6glichkeit, die Ware ohne Angabe von Gr\u00fcnden zur\u00fcckzusenden. Die Kosten f\u00fcr die R\u00fccksendung tr\u00e4gt der Kunde, es sei denn, die gelieferte Ware entspricht nicht der bestellten.<\/p><p>Um dein Widerrufsrecht auszu\u00fcben, musst du uns<br \/>Mikowsky &amp; Kriwet GbR<br \/>Augustastr. 10<br \/>48153 M\u00fcnster<br \/>info@nys-sport.de<br \/>mittels einer eindeutigen Erkl\u00e4rung (z.B. ein mit der Post versandter Brief oder E-Mail) \u00fcber deinen Entschluss, diesen Vertrag zu widerrufen, informieren. Du kannst daf\u00fcr nachfolgend gef\u00fchrten Muster-Aufbau des Widerrufsformulars verwenden, das jedoch nicht vorgeschrieben ist.<br \/>Empf\u00e4nger:<\/p><p>Mikowsky &amp; Kriwet GbR<br \/>Augustastr. 10<br \/>48153 M\u00fcnster<br \/>Hiermit widerrufe ich \/ widerrufen wir den von mir \/ uns abgeschlossenen Vertrag \u00fcber den Kauf der folgenden Ware:<br \/>Bestellt am \/ erhalten am:<br \/>Name des Kunden:<br \/>Anschrift des Kunden:<br \/>Unterschrift des Kunden:<br \/>Datum:<br \/>Wenn du diesen Vertrag widerrufst, haben wir dir alle Zahlungen, die wir von dir erhalten haben, einschlie\u00dflich der Lieferkosten (mit Ausnahme der zus\u00e4tzlichen Kosten, die sich daraus ergeben, dass du eine andere Art der Lieferung als die von uns angebotene, g\u00fcnstigste Standardlieferung gew\u00e4hlt hast), unverz\u00fcglich und sp\u00e4testens binnen vierzehn Tagen ab dem Tag zur\u00fcckzuzahlen, an dem die Mitteilung \u00fcber deinen Widerruf dieses Vertrags bei uns eingegangen ist. F\u00fcr diese R\u00fcckzahlung verwenden wir dasselbe Zahlungsmittel, das du bei der urspr\u00fcnglichen Transaktion eingesetzt hast, es sei denn, mit dir wurde ausdr\u00fccklich etwas anderes vereinbart; in keinem Fall werden dir wegen dieser R\u00fcckzahlung Entgelte berechnet.<br \/>Wir k\u00f6nnen die R\u00fcckzahlung verweigern, bis wir die Waren wieder zur\u00fcckerhalten haben oder bis du den Nachweis erbracht hast, dass du die Ware zur\u00fcckgesandt hast, je nachdem, welches der fr\u00fchere Zeitpunkt ist.<br \/>Du hast die Ware unverz\u00fcglich und in jedem Fall sp\u00e4testens binnen vierzehn Tagen ab dem Tag, an dem du uns \u00fcber den Widerruf dieses Vertrages unterrichtest, an uns zur\u00fcckzusenden oder zu \u00fcbergeben. Die Frist ist gewahrt, wenn du die Ware vor Ablauf der Frist von vierzehn Tagen absendest.<br \/>Du tr\u00e4gst die unmittelbaren Kosten der R\u00fccksendung der Waren.<\/p><p><strong>Kundendienst<\/strong><br \/>Unser Kundendienst f\u00fcr Fragen, Reklamationen und Beanstandungen steht dir werktags von 09:00 Uhr bis 18:00 Uhr zur Verf\u00fcgung unter<br \/>Telefon: +49 176 31129774<br \/>E-Mail: info@nys-sport.de<br \/>Stand der AGB 01.08.2024<\/p>\t\t\t\t\t\t\t\t<\/div>\n\t\t\t\t<\/div>\n\t\t\t\t\t<\/div>\n\t\t<\/div>\n\t\t\t\t\t<\/div>\n\t\t<\/section>\n\t\t\t\t<section class=\"elementor-section elementor-top-section elementor-element elementor-element-d2ab5e5 elementor-section-boxed elementor-section-height-default elementor-section-height-default sc_fly_static\" data-id=\"d2ab5e5\" data-element_type=\"section\" data-e-type=\"section\">\n\t\t\t\t\t\t<div class=\"elementor-container elementor-column-gap-extended\">\n\t\t\t\t\t<div class=\"elementor-column elementor-col-100 elementor-top-column elementor-element elementor-element-c3d881a sc_content_align_inherit sc_layouts_column_icons_position_left sc_fly_static\" data-id=\"c3d881a\" data-element_type=\"column\" data-e-type=\"column\">\n\t\t\t<div class=\"elementor-widget-wrap elementor-element-populated\">\n\t\t\t\t\t\t<div class=\"elementor-element elementor-element-4175a23 sc_height_huge sc_fly_static elementor-widget elementor-widget-spacer\" data-id=\"4175a23\" data-element_type=\"widget\" data-e-type=\"widget\" data-widget_type=\"spacer.default\">\n\t\t\t\t<div class=\"elementor-widget-container\">\n\t\t\t\t\t\t\t<div class=\"elementor-spacer\">\n\t\t\t<div class=\"elementor-spacer-inner\"><\/div>\n\t\t<\/div>\n\t\t\t\t\t\t<\/div>\n\t\t\t\t<\/div>\n\t\t\t\t\t<\/div>\n\t\t<\/div>\n\t\t\t\t\t<\/div>\n\t\t<\/section>\n\t\t\t\t<\/div>","protected":false},"excerpt":{"rendered":"<p>NYS Sport AGB. Allgemeine Gesch\u00e4ftsbedingungen der Firma NYS Sport \u2013 Mikowsky &amp; Kriwet GbR Geltung gegen\u00fcber Unternehmern und BegriffsdefinitionenDiese Allgemeinen Gesch\u00e4ftsbedingungen (nachfolgend \u201eAGB\u201c) der Mikowsky &amp; Kriwet GbR \u2013 NYS&hellip;<\/p>","protected":false},"author":1,"featured_media":0,"parent":0,"menu_order":0,"comment_status":"closed","ping_status":"closed","template":"","meta":{"footnotes":""},"class_list":["post-20423","page","type-page","status-publish","hentry","fpd-variation-needed"],"jetpack_sharing_enabled":true,"_links":{"self":[{"href":"https:\/\/nys-sport.de\/en\/wp-json\/wp\/v2\/pages\/20423","targetHints":{"allow":["GET"]}}],"collection":[{"href":"https:\/\/nys-sport.de\/en\/wp-json\/wp\/v2\/pages"}],"about":[{"href":"https:\/\/nys-sport.de\/en\/wp-json\/wp\/v2\/types\/page"}],"author":[{"embeddable":true,"href":"https:\/\/nys-sport.de\/en\/wp-json\/wp\/v2\/users\/1"}],"replies":[{"embeddable":true,"href":"https:\/\/nys-sport.de\/en\/wp-json\/wp\/v2\/comments?post=20423"}],"version-history":[{"count":10,"href":"https:\/\/nys-sport.de\/en\/wp-json\/wp\/v2\/pages\/20423\/revisions"}],"predecessor-version":[{"id":22120,"href":"https:\/\/nys-sport.de\/en\/wp-json\/wp\/v2\/pages\/20423\/revisions\/22120"}],"wp:attachment":[{"href":"https:\/\/nys-sport.de\/en\/wp-json\/wp\/v2\/media?parent=20423"}],"curies":[{"name":"wp","href":"https:\/\/api.w.org\/{rel}","templated":true}]}}