{"id":19270,"date":"2024-04-01T01:00:55","date_gmt":"2024-03-31T23:00:55","guid":{"rendered":"https:\/\/nys-sport.de\/?post_type=product&#038;p=19270"},"modified":"2025-07-22T20:21:53","modified_gmt":"2025-07-22T18:21:53","slug":"schienbeinschoner-individuell","status":"publish","type":"product","link":"https:\/\/nys-sport.de\/en\/product\/schienbeinschoner-individuell\/","title":{"rendered":"Schienbeinschoner Individuell"},"content":{"rendered":"<h3><strong>Deine Schienbeinschoner \u2013 dein Design!<\/strong><\/h3>\n<p><span style=\"font-weight: 400;\">Ob dein Name, deine R\u00fcckennummer, ein inspirierendes Zitat oder ein einzigartiges Motiv \u2013 du hast 100% Gestaltungsfreiraum. Lass deiner Kreativit\u00e4t freien Lauf und designe die Schienbeinschoner deiner Tr\u00e4ume, die nicht nur perfekt sitzen, sondern auch ein echter Hingucker sind. W\u00e4hle aus verschiedenen Gr\u00f6\u00dfen (S, M, L), um die optimale Passform zu garantieren.<\/span><\/p>\n<h3>Warum individuelle Schienbeinschoner?<\/h3>\n<ul>\n<li><span style=\"font-weight: 400;\">100% personalisierbar: Entscheide selbst, ob du beide Seiten gleich gestalten m\u00f6chtest oder jedes Design individuell anpasst.<\/span><\/li>\n<li><span style=\"font-weight: 400;\">Maximaler Schutz: Hochwertige Materialien bieten dir Sicherheit und Komfort bei jedem Spiel.<\/span><\/li>\n<li><span style=\"font-weight: 400;\">Perfekte Passform: Egal ob Kinder oder Erwachsene \u2013 unsere Gr\u00f6\u00dfen S, M und L passen sich optimal an.<\/span><\/li>\n<\/ul>\n<p><span style=\"font-weight: 400;\">Mit unseren individuellen Schienbeinschonern bist du nicht nur bestens gesch\u00fctzt, sondern auch stilvoll unterwegs. Zeige deine Pers\u00f6nlichkeit und werde unverwechselbar auf dem Platz!<\/span><\/p>\n<h3><span style=\"font-weight: 400;\">Vorteile von ma\u00dfgeschneiderten Fu\u00dfball-Schienbeinschonern<\/span><\/h3>\n<p><span style=\"font-weight: 400;\">Schienbeinschoner sind ein unverzichtbarer Teil der Ausr\u00fcstung f\u00fcr Fu\u00dfballspieler jeden Alters. Mit ma\u00dfgeschneiderten Schienbeinschonern von NYS Sport hast du nicht nur optimalen Schutz, sondern auch die M\u00f6glichkeit, deine Pers\u00f6nlichkeit auf dem Platz zu zeigen.<\/span><\/p>\n<p><span style=\"font-weight: 400;\">Unsere Schienbeinschoner bieten dir 100% Gestaltungsfreiraum: W\u00e4hle zwischen verschiedenen Gr\u00f6\u00dfen (S, M, L) und personalisiere sie mit Namen, R\u00fcckennummern, Teamlogos oder sogar eigenen Fotos. Dank unseres benutzerfreundlichen Online-Editors kannst du dein Design ganz einfach erstellen und individuell anpassen.<\/span><\/p>\n<p><span style=\"font-weight: 400;\">Das ergonomische Design sorgt f\u00fcr maximalen Komfort und perfekten Sitz \u2013 kein Verrutschen, keine Druckstellen. Gleichzeitig garantieren hochwertige Materialien wie Carbon oder EVA-Schaumstoff den besten Schutz vor Verletzungen.<\/span><\/p>\n<p><span style=\"font-weight: 400;\">Deine Schienbeinschoner \u2013 dein Design!<\/span><\/p>\n<p><strong>Auf Wunsch legen wir deinen Schienbeinschonern auch noch unsere beliebten NYS Haltestr\u00fcmpfe bei (+9,95 \u20ac)!<\/strong><\/p>","protected":false},"excerpt":{"rendered":"<p><strong>Deine Schienbeinschoner \u2013 dein Design!<\/strong><\/p>\n<p><span style=\"font-weight: 400;\">Mit den individuellen Schienbeinschonern von NYS Sport hast du die M\u00f6glichkeit, deinen ganz pers\u00f6nlichen Stil auf den Fu\u00dfballplatz zu bringen.\u00a0<\/span><\/p>\n<p><strong>Auf Wunsch legen wir deinen Schienbeinschonern auch noch unsere beliebten NYS Haltestr\u00fcmpfe bei (+9,95 \u20ac)!<\/strong><\/p>\n<p>Gr\u00f6\u00dfeninformation: S 70mm breit, 140mm hoch. M 80mm breit, 170mm hoch. L 90mm breit, 190mm hoch.<\/p>","protected":false},"featured_media":22540,"comment_status":"open","ping_status":"closed","template":"","meta":[],"product_brand":[],"product_cat":[225],"product_tag":[248],"class_list":{"0":"post-19270","1":"product","2":"type-product","3":"status-publish","4":"has-post-thumbnail","6":"product_cat-schienbeinschoner","7":"product_tag-schienbeinschoner-individuell","8":"fpd-variation-needed","10":"first","11":"instock","12":"taxable","13":"shipping-taxable","14":"purchasable","15":"product-type-variable","16":"has-default-attributes"},"jetpack_sharing_enabled":true,"_links":{"self":[{"href":"https:\/\/nys-sport.de\/en\/wp-json\/wp\/v2\/product\/19270","targetHints":{"allow":["GET"]}}],"collection":[{"href":"https:\/\/nys-sport.de\/en\/wp-json\/wp\/v2\/product"}],"about":[{"href":"https:\/\/nys-sport.de\/en\/wp-json\/wp\/v2\/types\/product"}],"replies":[{"embeddable":true,"href":"https:\/\/nys-sport.de\/en\/wp-json\/wp\/v2\/comments?post=19270"}],"wp:featuredmedia":[{"embeddable":true,"href":"https:\/\/nys-sport.de\/en\/wp-json\/wp\/v2\/media\/22540"}],"wp:attachment":[{"href":"https:\/\/nys-sport.de\/en\/wp-json\/wp\/v2\/media?parent=19270"}],"wp:term":[{"taxonomy":"product_brand","embeddable":true,"href":"https:\/\/nys-sport.de\/en\/wp-json\/wp\/v2\/product_brand?post=19270"},{"taxonomy":"product_cat","embeddable":true,"href":"https:\/\/nys-sport.de\/en\/wp-json\/wp\/v2\/product_cat?post=19270"},{"taxonomy":"product_tag","embeddable":true,"href":"https:\/\/nys-sport.de\/en\/wp-json\/wp\/v2\/product_tag?post=19270"}],"curies":[{"name":"wp","href":"https:\/\/api.w.org\/{rel}","templated":true}]}}