{"id":20840,"date":"2024-10-08T16:43:50","date_gmt":"2024-10-08T14:43:50","guid":{"rendered":"https:\/\/nys-sport.de\/?post_type=product&#038;p=20840"},"modified":"2025-06-16T14:08:49","modified_gmt":"2025-06-16T12:08:49","slug":"haltestruempfe-classic","status":"publish","type":"product","link":"https:\/\/nys-sport.de\/en\/product\/haltestruempfe-classic\/","title":{"rendered":"Haltestr\u00fcmpfe Classic"},"content":{"rendered":"<p>Stilvolle NYS Haltestr\u00fcmpfe f\u00fcr deine Schienbeinschoner!<\/p>","protected":false},"excerpt":{"rendered":"<p>Stilvolle NYS Haltestr\u00fcmpfe f\u00fcr deine Schienbeinschoner!<\/p>","protected":false},"featured_media":22581,"comment_status":"open","ping_status":"closed","template":"","meta":[],"product_brand":[],"product_cat":[231,177],"product_tag":[243],"class_list":{"0":"post-20840","1":"product","2":"type-product","3":"status-publish","4":"has-post-thumbnail","6":"product_cat-essentials","7":"product_cat-haltestruempfe","8":"product_tag-haltestruempfe-classic","9":"fpd-variation-needed","11":"first","12":"instock","13":"taxable","14":"shipping-taxable","15":"purchasable","16":"product-type-simple"},"jetpack_sharing_enabled":true,"_links":{"self":[{"href":"https:\/\/nys-sport.de\/en\/wp-json\/wp\/v2\/product\/20840","targetHints":{"allow":["GET"]}}],"collection":[{"href":"https:\/\/nys-sport.de\/en\/wp-json\/wp\/v2\/product"}],"about":[{"href":"https:\/\/nys-sport.de\/en\/wp-json\/wp\/v2\/types\/product"}],"replies":[{"embeddable":true,"href":"https:\/\/nys-sport.de\/en\/wp-json\/wp\/v2\/comments?post=20840"}],"wp:featuredmedia":[{"embeddable":true,"href":"https:\/\/nys-sport.de\/en\/wp-json\/wp\/v2\/media\/22581"}],"wp:attachment":[{"href":"https:\/\/nys-sport.de\/en\/wp-json\/wp\/v2\/media?parent=20840"}],"wp:term":[{"taxonomy":"product_brand","embeddable":true,"href":"https:\/\/nys-sport.de\/en\/wp-json\/wp\/v2\/product_brand?post=20840"},{"taxonomy":"product_cat","embeddable":true,"href":"https:\/\/nys-sport.de\/en\/wp-json\/wp\/v2\/product_cat?post=20840"},{"taxonomy":"product_tag","embeddable":true,"href":"https:\/\/nys-sport.de\/en\/wp-json\/wp\/v2\/product_tag?post=20840"}],"curies":[{"name":"wp","href":"https:\/\/api.w.org\/{rel}","templated":true}]}}