{"id":21388,"date":"2024-11-04T18:50:57","date_gmt":"2024-11-04T17:50:57","guid":{"rendered":"https:\/\/nys-sport.de\/?post_type=product&#038;p=21388"},"modified":"2025-07-11T15:56:37","modified_gmt":"2025-07-11T13:56:37","slug":"3x-gripsocks-classic-bundle","status":"publish","type":"product","link":"https:\/\/nys-sport.de\/en\/product\/3x-gripsocks-classic-bundle\/","title":{"rendered":"3 x Gripsocks Classic Bundle"},"content":{"rendered":"<p>Unsere hochwertigen Gripsocks im 3er-Pack f\u00fcr optimalen Halt und Komfort in deinen Schuhen! Entscheide dich f\u00fcr die Akzentfarbe deiner Wahl oder eine Box mit einmal schwarz, rot und gr\u00fcn!<\/p>","protected":false},"excerpt":{"rendered":"<p>Unsere hochwertigen Gripsocks im 3er-Pack f\u00fcr optimalen Halt und Komfort in deinen Schuhen! Entscheide dich f\u00fcr die Akzentfarbe deiner Wahl oder eine Box mit einmal schwarz, rot und gr\u00fcn!<\/p>","protected":false},"featured_media":21483,"comment_status":"open","ping_status":"closed","template":"","meta":[],"product_brand":[],"product_cat":[265],"product_tag":[266],"class_list":{"0":"post-21388","1":"product","2":"type-product","3":"status-publish","4":"has-post-thumbnail","6":"product_cat-bundles","7":"product_tag-bundle","8":"fpd-variation-needed","10":"first","11":"instock","12":"sale","13":"taxable","14":"shipping-taxable","15":"purchasable","16":"product-type-variable","17":"has-default-attributes"},"jetpack_sharing_enabled":true,"_links":{"self":[{"href":"https:\/\/nys-sport.de\/en\/wp-json\/wp\/v2\/product\/21388","targetHints":{"allow":["GET"]}}],"collection":[{"href":"https:\/\/nys-sport.de\/en\/wp-json\/wp\/v2\/product"}],"about":[{"href":"https:\/\/nys-sport.de\/en\/wp-json\/wp\/v2\/types\/product"}],"replies":[{"embeddable":true,"href":"https:\/\/nys-sport.de\/en\/wp-json\/wp\/v2\/comments?post=21388"}],"wp:featuredmedia":[{"embeddable":true,"href":"https:\/\/nys-sport.de\/en\/wp-json\/wp\/v2\/media\/21483"}],"wp:attachment":[{"href":"https:\/\/nys-sport.de\/en\/wp-json\/wp\/v2\/media?parent=21388"}],"wp:term":[{"taxonomy":"product_brand","embeddable":true,"href":"https:\/\/nys-sport.de\/en\/wp-json\/wp\/v2\/product_brand?post=21388"},{"taxonomy":"product_cat","embeddable":true,"href":"https:\/\/nys-sport.de\/en\/wp-json\/wp\/v2\/product_cat?post=21388"},{"taxonomy":"product_tag","embeddable":true,"href":"https:\/\/nys-sport.de\/en\/wp-json\/wp\/v2\/product_tag?post=21388"}],"curies":[{"name":"wp","href":"https:\/\/api.w.org\/{rel}","templated":true}]}}