{"id":22451,"date":"2024-04-01T04:00:17","date_gmt":"2024-04-01T02:00:17","guid":{"rendered":"https:\/\/nys-sport.de\/?post_type=product&#038;p=22451"},"modified":"2025-07-11T11:39:58","modified_gmt":"2025-07-11T09:39:58","slug":"mini-schienbeinschoner-logo-initialen","status":"publish","type":"product","link":"https:\/\/nys-sport.de\/en\/product\/mini-schienbeinschoner-logo-initialen\/","title":{"rendered":"MINI Schienbeinschoner Logo &#038; Initialen"},"content":{"rendered":"<h4>Zeige deine Identit\u00e4t auf dem Spielfeld<\/h4>\n<p>Ob Vereinslogo, Initialen oder ein Symbol deiner Wahl \u2013 diese Schienbeinschoner machen dich unverwechselbar. Sie sind ideal f\u00fcr ambitionierte Spieler, Teams oder als Geschenk f\u00fcr Fu\u00dfballfans.<\/p>\n<p>Mit dem Slogan \u201e<strong>Deine Schienbeinschoner \u2013 dein Design!<\/strong>\u201c setzen wir bei NYS Sport auf Individualit\u00e4t und Qualit\u00e4t.<\/p>\n<h4><strong>Was macht unsere Schienbeinschoner Logo &amp; Initialen besonders?<\/strong><\/h4>\n<ul>\n<li>Individuelles Branding: Verewige dein Logo oder deine Initialen auf deinen Schienbeinschonern.<\/li>\n<li>Premium-Qualit\u00e4t: Strapazierf\u00e4hig und leicht f\u00fcr optimalen Schutz bei maximalem Komfort.<\/li>\n<\/ul>\n<p>Unsere personalisierten Modelle bieten dir nicht nur Sicherheit auf dem Spielfeld, sondern auch die M\u00f6glichkeit, deinen Stil zu zeigen.<\/p>\n<h4>Vorteile von ma\u00dfgeschneiderten Fu\u00dfball-Schienbeinschonern<\/h4>\n<p>Mit ma\u00dfgeschneiderten Schienbeinschonern von NYS Sport bist du bestens ausgestattet \u2013 sicher und stilvoll. Sie sind nicht nur ein unverzichtbarer Schutz auf dem Spielfeld, sondern auch Ausdruck deiner Pers\u00f6nlichkeit.<\/p>\n<p>Gestalte deine Schienbeinschoner ganz nach deinen Vorstellungen:<\/p>\n<p>Ob mit deinem Namen, deiner R\u00fcckennummer oder dem Vereinslogo \u2013 du entscheidest!<br \/>\nUnser benutzerfreundlicher Editor macht es dir leicht, dein individuelles Design zu erstellen. Die hochwertigen Drucke sind langlebig und behalten ihre Farben auch bei intensiver Nutzung.<\/p>\n<p>Dank ihres ergonomischen Designs sitzen die Schienbeinschoner perfekt am Bein und garantieren maximalen Komfort. Sie sind sowohl f\u00fcr Kinder als auch Erwachsene geeignet.<\/p>\n<p>Deine Schienbeinschoner \u2013 dein Design!<\/p>\n<p><strong>Auf Wunsch legen wir deinen designten Schienbeinschonern auch noch die passenden Haltestr\u00fcmpfe bei (+12,95 \u20ac) &#8211; nat\u00fcrlich ebenfalls personalisiert und mit Vereinslogo!<\/strong><\/p>","protected":false},"excerpt":{"rendered":"<p>Mit den Schienbeinschonern Logo &amp; Initialen von NYS Sport kannst du deine Pers\u00f6nlichkeit und deinen Teamgeist perfekt ausdr\u00fccken.<\/p>\n<p><strong>Auf Wunsch legen wir deinen designten Schienbeinschonern auch noch die passenden Haltestr\u00fcmpfe bei (+12,95 \u20ac) &#8211; nat\u00fcrlich ebenfalls personalisiert und mit Vereinslogo!<\/strong><\/p>\n<p>Gr\u00f6\u00dfeninformation: MINI 60mm breit, 100mm hoch.<\/p>","protected":false},"featured_media":22546,"comment_status":"open","ping_status":"closed","template":"","meta":[],"product_brand":[],"product_cat":[225],"product_tag":[245],"class_list":{"0":"post-22451","1":"product","2":"type-product","3":"status-publish","4":"has-post-thumbnail","6":"product_cat-schienbeinschoner","7":"product_tag-schienbeinschoner-logo","8":"fpd-variation-needed","10":"first","11":"instock","12":"taxable","13":"shipping-taxable","14":"purchasable","15":"product-type-variable","16":"has-default-attributes"},"jetpack_sharing_enabled":true,"_links":{"self":[{"href":"https:\/\/nys-sport.de\/en\/wp-json\/wp\/v2\/product\/22451","targetHints":{"allow":["GET"]}}],"collection":[{"href":"https:\/\/nys-sport.de\/en\/wp-json\/wp\/v2\/product"}],"about":[{"href":"https:\/\/nys-sport.de\/en\/wp-json\/wp\/v2\/types\/product"}],"replies":[{"embeddable":true,"href":"https:\/\/nys-sport.de\/en\/wp-json\/wp\/v2\/comments?post=22451"}],"wp:featuredmedia":[{"embeddable":true,"href":"https:\/\/nys-sport.de\/en\/wp-json\/wp\/v2\/media\/22546"}],"wp:attachment":[{"href":"https:\/\/nys-sport.de\/en\/wp-json\/wp\/v2\/media?parent=22451"}],"wp:term":[{"taxonomy":"product_brand","embeddable":true,"href":"https:\/\/nys-sport.de\/en\/wp-json\/wp\/v2\/product_brand?post=22451"},{"taxonomy":"product_cat","embeddable":true,"href":"https:\/\/nys-sport.de\/en\/wp-json\/wp\/v2\/product_cat?post=22451"},{"taxonomy":"product_tag","embeddable":true,"href":"https:\/\/nys-sport.de\/en\/wp-json\/wp\/v2\/product_tag?post=22451"}],"curies":[{"name":"wp","href":"https:\/\/api.w.org\/{rel}","templated":true}]}}