{"id":22462,"date":"2024-04-01T06:00:37","date_gmt":"2024-04-01T04:00:37","guid":{"rendered":"https:\/\/nys-sport.de\/?post_type=product&#038;p=22462"},"modified":"2025-07-11T11:38:52","modified_gmt":"2025-07-11T09:38:52","slug":"mini-schienbeinschoner-nys","status":"publish","type":"product","link":"https:\/\/nys-sport.de\/en\/product\/mini-schienbeinschoner-nys\/","title":{"rendered":"MINI Schienbeinschoner NYS"},"content":{"rendered":"<p>F\u00fcr alle Fu\u00dfballer, die auf schlichte Eleganz setzen: Der Schienbeinschoner NYS Best Of ist ein echter Klassiker. Mit seinem minimalistischen Design passt er zu jedem Outfit und bietet dir gleichzeitig den bew\u00e4hrten Schutz von NYS Sport. Dieses Modell vereint Funktionalit\u00e4t mit Stil und ist ideal f\u00fcr Spieler, die Wert auf Qualit\u00e4t legen.<\/p>\n<h3>Hauptvorteile von den NYS Best Of<\/h3>\n<ul>\n<li>Zeitloses Design: Ein schlichter Look, der nie aus der Mode kommt.<\/li>\n<li>Leicht und robust: F\u00fcr maximale Bewegungsfreiheit ohne Kompromisse beim Schutz.<\/li>\n<\/ul>\n<p>Ob im Training oder beim Spiel: Der NYS Best Of Schienbeinschoner ist dein verl\u00e4sslicher Begleiter auf dem Platz. Kombiniere Funktionalit\u00e4t mit Stil \u2013 denn dein Schutz sollte genauso stark sein wie dein Spiel.<\/p>\n<h4>Vorteile von ma\u00dfgeschneiderten Fu\u00dfball-Schienbeinschonern<\/h4>\n<p>Ma\u00dfgeschneiderte Schienbeinschoner sind die perfekte Kombination aus Schutz und Individualit\u00e4t. Sie bieten dir nicht nur Sicherheit auf dem Spielfeld, sondern machen deine Ausr\u00fcstung zu einem echten Unikat. Mit unserem Online-Editor kannst du deine Schienbeinschoner nach deinen W\u00fcnschen gestalten: Ob Name, Nummer, Teamlogo oder ein pers\u00f6nliches Motiv \u2013 deiner Kreativit\u00e4t sind keine Grenzen gesetzt. Die Designs werden in brillanten Farben auf beide Seiten gedruckt und bleiben auch bei intensiver Nutzung langlebig. Durch ihre ergonomische Form passen sich die Schienbeinschoner perfekt an dein Bein an und bieten h\u00f6chsten Tragekomfort.<\/p>\n<p>Deine Schienbeinschoner \u2013 dein Design!<\/p>\n<p><strong>Auf Wunsch legen wir deinen Schienbeinschonern auch noch unsere beliebten NYS Haltestr\u00fcmpfe bei (+9,95 \u20ac)!<\/strong><\/p>","protected":false},"excerpt":{"rendered":"<p>Der schlichte Klassiker \u2013 zeitlos und zuverl\u00e4ssig<\/p>\n<p><strong>Auf Wunsch legen wir deinen Schienbeinschonern auch noch unsere beliebten NYS Haltestr\u00fcmpfe bei (+9,95 \u20ac)!<\/strong><\/p>\n<p>Gr\u00f6\u00dfeninformation: MINI 60mm breit, 100mm hoch.<\/p>","protected":false},"featured_media":22537,"comment_status":"open","ping_status":"closed","template":"","meta":[],"product_brand":[],"product_cat":[225],"product_tag":[247],"class_list":{"0":"post-22462","1":"product","2":"type-product","3":"status-publish","4":"has-post-thumbnail","6":"product_cat-schienbeinschoner","7":"product_tag-schienbeinschoner-best-of","8":"fpd-variation-needed","10":"first","11":"instock","12":"taxable","13":"shipping-taxable","14":"purchasable","15":"product-type-variable","16":"has-default-attributes"},"jetpack_sharing_enabled":true,"_links":{"self":[{"href":"https:\/\/nys-sport.de\/en\/wp-json\/wp\/v2\/product\/22462","targetHints":{"allow":["GET"]}}],"collection":[{"href":"https:\/\/nys-sport.de\/en\/wp-json\/wp\/v2\/product"}],"about":[{"href":"https:\/\/nys-sport.de\/en\/wp-json\/wp\/v2\/types\/product"}],"replies":[{"embeddable":true,"href":"https:\/\/nys-sport.de\/en\/wp-json\/wp\/v2\/comments?post=22462"}],"wp:featuredmedia":[{"embeddable":true,"href":"https:\/\/nys-sport.de\/en\/wp-json\/wp\/v2\/media\/22537"}],"wp:attachment":[{"href":"https:\/\/nys-sport.de\/en\/wp-json\/wp\/v2\/media?parent=22462"}],"wp:term":[{"taxonomy":"product_brand","embeddable":true,"href":"https:\/\/nys-sport.de\/en\/wp-json\/wp\/v2\/product_brand?post=22462"},{"taxonomy":"product_cat","embeddable":true,"href":"https:\/\/nys-sport.de\/en\/wp-json\/wp\/v2\/product_cat?post=22462"},{"taxonomy":"product_tag","embeddable":true,"href":"https:\/\/nys-sport.de\/en\/wp-json\/wp\/v2\/product_tag?post=22462"}],"curies":[{"name":"wp","href":"https:\/\/api.w.org\/{rel}","templated":true}]}}